{"id":4563,"date":"2022-07-04T15:05:35","date_gmt":"2022-07-04T13:05:35","guid":{"rendered":"https:\/\/dev.plasmaconcept.de\/?page_id=4563"},"modified":"2025-11-20T12:40:33","modified_gmt":"2025-11-20T11:40:33","slug":"privacy-policy","status":"publish","type":"page","link":"https:\/\/dev.plasmaconcept.de\/en\/privacy-policy\/","title":{"rendered":"Privacy Policy"},"content":{"rendered":"<section class=\"l-section wpb_row height_medium\"><div class=\"l-section-h i-cf\"><div class=\"g-cols vc_row via_grid cols_1 laptops-cols_inherit tablets-cols_inherit mobiles-cols_1 valign_top type_default stacking_default\"><div class=\"wpb_column vc_column_container\"><div class=\"vc_column-inner\"><div class=\"wpb_text_column\"><div class=\"wpb_wrapper\"><h1>Privacy Policy<\/h1>\n<p class=\"german_policy\"><em>This site is only available in <a href=\"\/datenschutzerklaerung\/\">German<\/a>.<\/em><\/p>\n<\/div><\/div><div class=\"w-separator us_custom_c2f20314 size_small with_line width_default thick_1 style_solid color_border align_center\"><div class=\"w-separator-h\"><\/div><\/div><div class=\"wpb_text_column\"><div class=\"wpb_wrapper\"><h2>PLASMACONCEPT AG<\/h2>\n<p>Breite Str. 2-4<br \/>\nD-50667 K\u00f6ln<\/p>\n<p>Telefon: +49 (0)221 84 56 25-0<br \/>\nTelefax: +49 (0)221 84 56 25-25<\/p>\n<p><a href=\"mailto:info@plasmaconcept.de\">info@plasmaconcept.de<\/a><br \/>\n<a href=\"https:\/\/dev.plasmaconcept.de\/\">www.plasmaconcept.de<\/a><\/p>\n<p>&nbsp;<\/p>\n<p><strong>Vorstand:<\/strong><br \/>\nMarc E. J. Thoennissen<\/p>\n<p><strong>Aufsichtsrat:<\/strong><br \/>\nPeter E. A. Thoennissen (Vors.),<br \/>\nH. Peter Heinen, Dr. Heinz H\u00f6ller<\/p>\n<p><strong>Grundsatz<\/strong><\/p>\n<p>Ihre personenbezogenen Daten werden vertraulich und entsprechend der gesetzlichen Datenschutzvorschriften sowie dieser Datenschutzerkl\u00e4rung behandelt.<br \/>\nDie Nutzung unserer Webseite ist in der Regel ohne Angabe personenbezogener Daten m\u00f6glich. Soweit auf unseren Seiten personenbezogene Daten (z.B. Name, Anschrift oder E-Mail-Adresse) erhoben werden, erfolgt dies, soweit m\u00f6glich, stets auf freiwilliger Basis. Diese Daten werden ohne Ihre ausdr\u00fcckliche Zustimmung nicht an Dritte weitergegeben.<\/p>\n<p><strong>Erhebung von Daten | Datenverarbeitung und Nutzung auf dieser Internetseite<\/strong><\/p>\n<p>Wir erheben, verarbeiten und nutzen personenbezogene Daten nur, soweit sie f\u00fcr die Begr\u00fcndung, inhaltliche Ausgestaltung oder \u00c4nderung des Rechtsverh\u00e4ltnisses erforderlich sind (Bestandsdaten). Personenbezogene Daten \u00fcber die Inanspruchnahme unserer Internetseiten (Nutzungsdaten) erheben, verarbeiten und nutzen wir nur, soweit dies erforderlich ist, um dem Nutzer die Inanspruchnahme des Dienstes zu erm\u00f6glichen oder abzurechnen. Eine Weitergabe Ihrer Daten an Dritte ohne ausdr\u00fcckliche Einwilligung etwa zu Zwecken der Werbung erfolgt nicht.<\/p>\n<p><strong>Nutzung von Cookies<\/strong><\/p>\n<p>Die Internetseiten verwenden Cookies dazu, unser Angebot nutzerfreundlicher, effektiver und sicherer zu machen. Cookies sind kleine Textdateien, die auf Ihrem Rechner abgelegt werden und die Ihr Browser speichert. Die genutzten Cookies bleiben bis zur L\u00f6schung auf Ihrem Endger\u00e4t gespeichert. Sie erm\u00f6glichen es uns, Ihren Browser beim n\u00e4chsten Besuch wiederzuerkennen. Sie k\u00f6nnen Ihren Browser so einstellen, dass Sie \u00fcber das Setzen von Cookies informiert werden und Cookies nur im Einzelfall erlauben, die Annahme von Cookies f\u00fcr bestimmte F\u00e4lle oder generell ausschlie\u00dfen sowie das automatische L\u00f6schen der Cookies beim Schlie\u00dfen des Browser aktivieren. Bei der Deaktivierung von Cookies kann die Funktionalit\u00e4t dieser Website eingeschr\u00e4nkt sein.<\/p>\n<p><strong>Server-LogFiles<\/strong><\/p>\n<p>Der Provider der Seiten erhebt und speichert automatisch Informationen in so genannten Server-Log Files, die Ihr Browser automatisch an uns \u00fcbermittelt.<\/p>\n<p>Dies sind:<br \/>\n\u2022 Browsertyp und Browserversion<br \/>\n\u2022 verwendetes Betriebssystem<br \/>\n\u2022 Referrer URL<br \/>\n\u2022 Hostname des zugreifenden Rechners<br \/>\n\u2022 Uhrzeit der Serveranfrage<br \/>\nDiese Daten sind nicht bestimmten Personen zuordenbar. Eine Zusammenf\u00fchrung dieser Daten mit anderen Datenquellen wird nicht vorgenommen. Wir behalten es uns allerdings vor, diese Daten nachtr\u00e4glich zu pr\u00fcfen, wenn uns konkrete Anhaltspunkte f\u00fcr eine rechtswidrige Nutzung bekannt werden.<\/p>\n<p><strong>SSL- bzw. TLS-Verschl\u00fcsselung<\/strong><\/p>\n<p>Diese Seite nutzt aus Sicherheitsgr\u00fcnden und zum Schutz der \u00dcbertragung vertraulicher Inhalte, wie zum Beispiel Bestellungen oder Anfragen, die Sie an uns als Seitenbetreiber senden, eine SSL-bzw. TLS-Verschl\u00fcsselung. Eine verschl\u00fcsselte Verbindung erkennen Sie daran, dass die Adresszeile des Browsers von \u201chttp:\/\/\u201d auf \u201chttps:\/\/\u201d wechselt und an dem Schloss-Symbol in Ihrer Browserzeile.<\/p>\n<p>Wenn die SSL- bzw. TLS-Verschl\u00fcsselung aktiviert ist, k\u00f6nnen die Daten, die Sie an uns \u00fcbermitteln, nicht von Dritten mitgelesen werden.<\/p>\n<p><strong>Google Analytics<\/strong><\/p>\n<p>\u201eDiese Website benutzt Google Analytics, einen Webanalysedienst der Google Inc. (Google) Google Analytics verwendet sog. Cookies, Textdateien, die auf Ihrem Computer gespeichert werden und die eine Analyse der Benutzung der Website durch Sie erm\u00f6glicht. Die durch den Cookie erzeugten Informationen \u00fcber Ihre Benutzung dieser Website (einschlie\u00dflich Ihrer IP-Adresse) wird an einen Server von Google in den USA \u00fcbertragen und dort gespeichert. Google wird diese Informationen benutzen, um Ihre Nutzung der Website auszuwerten, um Reports \u00fcber die Websiteaktivit\u00e4ten f\u00fcr die Websitebetreiber zusammenzustellen und um weitere mit der Websitenutzung und der Internetnutzung verbundene Dienstleistungen zu erbringen. Auch wird Google diese Informationen gegebenenfalls an Dritte \u00fcbertragen, sofern dies gesetzlich vorgeschrieben oder soweit Dritte diese Daten im Auftrag von Google verarbeiten. Google wird in keinem Fall Ihre IP-Adresse mit anderen Daten der Google Inc. in Verbindung bringen. Sie k\u00f6nnen die Installation der Cookies durch eine entsprechende Einstellung Ihrer Browser Software verhindern; wir weisen Sie jedoch darauf hin, dass Sie in diesem Fall gegebenenfalls nicht s\u00e4mtliche Funktionen dieser Website voll umf\u00e4nglich nutzen k\u00f6nnen. Durch die Nutzung dieser Website erkl\u00e4ren Sie sich mit der Bearbeitung der \u00fcber Sie erhobenen Daten durch Google in der zuvor beschriebenen Art und Weise und zu dem zuvor benannten Zweck einverstanden.\u201c<\/p>\n<p>Diese Website verwendet Google Analytics mit der Erweiterung \u201e_anonymizeIp()\u201c (\u201eAktivierung der IP-Anonymisierung\u201c). Dadurch werden IP-Adressen gek\u00fcrzt weiterverarbeitet, eine Personenbeziehbarkeit kann damit ausgeschlossen werden. Soweit den \u00fcber Sie erhobenen Daten ein Personenbezug zukommt, wird dieser also sofort ausgeschlossen und die personenbezogenen Daten damit umgehend gel\u00f6scht.<br \/>\nBrowser-Add-on zur Deaktivierung von Google Analytics<\/p>\n<p>Das Browser-Add-on zur Deaktivierung von Google Analytics gibt dem Website-Besucher mehr Kontrolle dar\u00fcber, welche Daten zu aufgerufenen Websites von Google Analytics erfasst werden. Das Add-on teilt dem JavaScript (ga.js) von Google Analytics mit, dass keine Informationen \u00fcber den Website-Besuch an Google Analytics \u00fcbermittelt werden sollen. Falls Sie diese Funktion nutzen m\u00f6chten, laden Sie das Add-on herunter und installieren Sie es f\u00fcr Ihren aktuellen Webbrowser. Das Browser-Add-on zur Deaktivierung von Google Analytics ist f\u00fcr Internet Explorer, Google Chrome, Mozilla Firefox Apple Safari und Opera verf\u00fcgbar.<\/p>\n<p>Link: <a href=\"https:\/\/tools.google.com\/dlpage\/gaoptout?hl=de\">Browser-Add-onClick<\/a><\/p>\n<p><strong>Kontaktformular<\/strong><\/p>\n<p>Ihre Angaben aus dem Kontaktformular inklusive der von Ihnen dort angegebenen Kontaktdaten werden zwecks Bearbeitung und f\u00fcr den Fall von Anschlussfragen bei uns gespeichert. Diese Daten geben wir nicht ohne Ihre Einwilligung weiter.<\/p>\n<p><strong> Datenschutzerkl\u00e4rung f\u00fcr die Nutzung von Google Maps<\/strong><\/p>\n<p>Diese Website verwendet Google Maps API, um geographische Informationen visuell darzustellen. Bei der Nutzung von Google Maps werden von Google auch Daten \u00fcber die Nutzung der Maps-Funktionen durch Besucher der Webseiten erhoben, verarbeitet und genutzt. Die Nutzungsbedingungen von Google Maps finden sie unter http:\/\/www.google.com\/intl\/de_de\/help\/terms_maps.html (\u201eNutzungsbedingungen von Google Maps\u201c). Durch Nutzung dieser Webseite erkl\u00e4ren Sie sich mit der Erfassung, Bearbeitung sowie Nutzung der automatisiert erhobenen Daten durch Google Inc., 1600 Amphitheatre Parkway, Mountain View, CA 94043, USA, deren Vertreter sowie Dritter einverstanden.<\/p>\n<p><strong>Datenschutzerkl\u00e4rung f\u00fcr die Nutzung von YouTube<\/strong><\/p>\n<p>Unsere Webseite nutzt Plugins der von Google betriebenen Seite YouTube. Betreiber der Seiten ist die YouTube, LLC, 901 Cherry Ave., San Bruno, CA 94066, USA. Wenn Sie eine unserer mit einem YouTube-Plugin ausgestatteten Seiten besuchen, wird eine Verbindung zu den Servern von YouTube hergestellt. Dabei wird dem YoutubeServer mitgeteilt, welche unserer Seiten Sie besucht haben.<br \/>\nWenn Sie in Ihrem YouTube-Account eingeloggt sind erm\u00f6glichen Sie YouTube, Ihr Surfverhalten direkt Ihrem pers\u00f6nlichen Profil zuzuordnen. Dies k\u00f6nnen Sie verhindern, indem Sie sich aus Ihrem YouTube-Account ausloggen.<br \/>\nWeitere Informationen zum Umgang von Nutzerdaten finden Sie in der Datenschutzerkl\u00e4rung von YouTube unter: https:\/\/www.google.de\/intl\/de\/policies\/privacy<\/p>\n<p><strong> Recht auf Auskunft, Berichtigung, L\u00f6schung, Sperrung<\/strong><\/p>\n<p>Sie haben jederzeit das Recht auf unentgeltliche Auskunft \u00fcber Ihre gespeicherten personenbezogenen Daten, deren Herkunft und Empf\u00e4nger und den Zweck der Datenverarbeitung sowie ein Recht auf Berichtigung, Sperrung oder L\u00f6schung dieser Daten. Hierzu sowie zu weiteren Fragen zum Thema personenbezogene Daten k\u00f6nnen Sie sich jederzeit unter der im Impressum angegebenen Adresse an uns wenden.<\/p>\n<p><strong>Google Web Fonts<\/strong><\/p>\n<p>Diese Seite nutzt zur einheitlichen Darstellung von Schriftarten so genannte Web Fonts, die von Google bereitgestellt werden. Beim Aufruf einer Seite l\u00e4dt Ihr Browser die ben\u00f6tigten Web Fonts in ihren Browsercache, um Texte und Schriftarten korrekt anzuzeigen.<\/p>\n<p>Zu diesem Zweck muss der von Ihnen verwendete Browser Verbindung zu den Servern von Google aufnehmen. Hierdurch erlangt Google Kenntnis dar\u00fcber, dass \u00fcber Ihre IP-Adresse unsere Website aufgerufen wurde. Die Nutzung von Google Web Fonts erfolgt im Interesse einer einheitlichen und ansprechenden Darstellung unserer Online-Angebote. Dies stellt ein berechtigtes Interesse im Sinne von Art. 6 Abs. 1 lit. f DSGVO dar.<\/p>\n<p>Wenn Ihr Browser Web Fonts nicht unterst\u00fctzt, wird eine Standardschrift von Ihrem Computer genutzt.<\/p>\n<p>Weitere Informationen zu Google Web Fonts finden Sie unter https:\/\/developers.google.com\/fonts\/faq und in der Datenschutzerkl\u00e4rung von Google: https:\/\/www.google.com\/policies\/privacy\/.<\/p>\n<div style=\"height: 35px;\"><\/div>\n<\/div><\/div><\/div><\/div><\/div><\/div><\/section>\n","protected":false},"excerpt":{"rendered":"Privacy Policy This site is only available in German. PLASMACONCEPT AG Breite Str. 2-4 D-50667 K\u00f6ln Telefon: +49 (0)221 84 56 25-0 Telefax: +49 (0)221 84 56 25-25 info@plasmaconcept.de www.plasmaconcept.de &nbsp; Vorstand: Marc E. J. Thoennissen Aufsichtsrat: Peter E. A. Thoennissen (Vors.), H. Peter Heinen, Dr. Heinz H\u00f6ller Grundsatz Ihre personenbezogenen Daten werden vertraulich und...","protected":false},"author":1,"featured_media":0,"parent":0,"menu_order":0,"comment_status":"closed","ping_status":"closed","template":"","meta":{"_acf_changed":false,"_monsterinsights_skip_tracking":false,"_monsterinsights_sitenote_active":false,"_monsterinsights_sitenote_note":"","_monsterinsights_sitenote_category":0,"footnotes":""},"class_list":["post-4563","page","type-page","status-publish","hentry"],"acf":[],"yoast_head":"<!-- This site is optimized with the Yoast SEO plugin v26.4 - https:\/\/yoast.com\/wordpress\/plugins\/seo\/ -->\n<title>Privacy Policy - Plasmaconcept<\/title>\n<meta name=\"robots\" content=\"noindex, follow, max-snippet:-1, max-image-preview:large, max-video-preview:-1\" \/>\n<meta property=\"og:locale\" content=\"en_US\" \/>\n<meta property=\"og:type\" content=\"article\" \/>\n<meta property=\"og:title\" content=\"Privacy Policy - Plasmaconcept\" \/>\n<meta property=\"og:url\" content=\"https:\/\/dev.plasmaconcept.de\/en\/privacy-policy\/\" \/>\n<meta property=\"og:site_name\" content=\"Plasmaconcept\" \/>\n<meta property=\"article:modified_time\" content=\"2025-11-20T11:40:33+00:00\" \/>\n<meta name=\"twitter:card\" content=\"summary_large_image\" \/>\n<meta name=\"twitter:label1\" content=\"Est. reading time\" \/>\n\t<meta name=\"twitter:data1\" content=\"7 minutes\" \/>\n<script type=\"application\/ld+json\" class=\"yoast-schema-graph\">{\"@context\":\"https:\/\/schema.org\",\"@graph\":[{\"@type\":\"WebPage\",\"@id\":\"https:\/\/dev.plasmaconcept.de\/en\/privacy-policy\/\",\"url\":\"https:\/\/dev.plasmaconcept.de\/en\/privacy-policy\/\",\"name\":\"Privacy Policy - Plasmaconcept\",\"isPartOf\":{\"@id\":\"https:\/\/dev.plasmaconcept.de\/en\/#website\"},\"datePublished\":\"2022-07-04T13:05:35+00:00\",\"dateModified\":\"2025-11-20T11:40:33+00:00\",\"breadcrumb\":{\"@id\":\"https:\/\/dev.plasmaconcept.de\/en\/privacy-policy\/#breadcrumb\"},\"inLanguage\":\"en-US\",\"potentialAction\":[{\"@type\":\"ReadAction\",\"target\":[\"https:\/\/dev.plasmaconcept.de\/en\/privacy-policy\/\"]}]},{\"@type\":\"BreadcrumbList\",\"@id\":\"https:\/\/dev.plasmaconcept.de\/en\/privacy-policy\/#breadcrumb\",\"itemListElement\":[{\"@type\":\"ListItem\",\"position\":1,\"name\":\"Startseite\",\"item\":\"https:\/\/dev.plasmaconcept.de\/en\/\"},{\"@type\":\"ListItem\",\"position\":2,\"name\":\"Privacy Policy\"}]},{\"@type\":\"WebSite\",\"@id\":\"https:\/\/dev.plasmaconcept.de\/en\/#website\",\"url\":\"https:\/\/dev.plasmaconcept.de\/en\/\",\"name\":\"Plasmaconcept\",\"description\":\"Nah am Markt und nah am Menschen\",\"potentialAction\":[{\"@type\":\"SearchAction\",\"target\":{\"@type\":\"EntryPoint\",\"urlTemplate\":\"https:\/\/dev.plasmaconcept.de\/en\/?s={search_term_string}\"},\"query-input\":{\"@type\":\"PropertyValueSpecification\",\"valueRequired\":true,\"valueName\":\"search_term_string\"}}],\"inLanguage\":\"en-US\"}]}<\/script>\n<!-- \/ Yoast SEO plugin. -->","yoast_head_json":{"title":"Privacy Policy - Plasmaconcept","robots":{"index":"noindex","follow":"follow","max-snippet":"max-snippet:-1","max-image-preview":"max-image-preview:large","max-video-preview":"max-video-preview:-1"},"og_locale":"en_US","og_type":"article","og_title":"Privacy Policy - Plasmaconcept","og_url":"https:\/\/dev.plasmaconcept.de\/en\/privacy-policy\/","og_site_name":"Plasmaconcept","article_modified_time":"2025-11-20T11:40:33+00:00","twitter_card":"summary_large_image","twitter_misc":{"Est. reading time":"7 minutes"},"schema":{"@context":"https:\/\/schema.org","@graph":[{"@type":"WebPage","@id":"https:\/\/dev.plasmaconcept.de\/en\/privacy-policy\/","url":"https:\/\/dev.plasmaconcept.de\/en\/privacy-policy\/","name":"Privacy Policy - Plasmaconcept","isPartOf":{"@id":"https:\/\/dev.plasmaconcept.de\/en\/#website"},"datePublished":"2022-07-04T13:05:35+00:00","dateModified":"2025-11-20T11:40:33+00:00","breadcrumb":{"@id":"https:\/\/dev.plasmaconcept.de\/en\/privacy-policy\/#breadcrumb"},"inLanguage":"en-US","potentialAction":[{"@type":"ReadAction","target":["https:\/\/dev.plasmaconcept.de\/en\/privacy-policy\/"]}]},{"@type":"BreadcrumbList","@id":"https:\/\/dev.plasmaconcept.de\/en\/privacy-policy\/#breadcrumb","itemListElement":[{"@type":"ListItem","position":1,"name":"Startseite","item":"https:\/\/dev.plasmaconcept.de\/en\/"},{"@type":"ListItem","position":2,"name":"Privacy Policy"}]},{"@type":"WebSite","@id":"https:\/\/dev.plasmaconcept.de\/en\/#website","url":"https:\/\/dev.plasmaconcept.de\/en\/","name":"Plasmaconcept","description":"Nah am Markt und nah am Menschen","potentialAction":[{"@type":"SearchAction","target":{"@type":"EntryPoint","urlTemplate":"https:\/\/dev.plasmaconcept.de\/en\/?s={search_term_string}"},"query-input":{"@type":"PropertyValueSpecification","valueRequired":true,"valueName":"search_term_string"}}],"inLanguage":"en-US"}]}},"_links":{"self":[{"href":"https:\/\/dev.plasmaconcept.de\/en\/wp-json\/wp\/v2\/pages\/4563","targetHints":{"allow":["GET"]}}],"collection":[{"href":"https:\/\/dev.plasmaconcept.de\/en\/wp-json\/wp\/v2\/pages"}],"about":[{"href":"https:\/\/dev.plasmaconcept.de\/en\/wp-json\/wp\/v2\/types\/page"}],"author":[{"embeddable":true,"href":"https:\/\/dev.plasmaconcept.de\/en\/wp-json\/wp\/v2\/users\/1"}],"replies":[{"embeddable":true,"href":"https:\/\/dev.plasmaconcept.de\/en\/wp-json\/wp\/v2\/comments?post=4563"}],"version-history":[{"count":6,"href":"https:\/\/dev.plasmaconcept.de\/en\/wp-json\/wp\/v2\/pages\/4563\/revisions"}],"predecessor-version":[{"id":4570,"href":"https:\/\/dev.plasmaconcept.de\/en\/wp-json\/wp\/v2\/pages\/4563\/revisions\/4570"}],"wp:attachment":[{"href":"https:\/\/dev.plasmaconcept.de\/en\/wp-json\/wp\/v2\/media?parent=4563"}],"curies":[{"name":"wp","href":"https:\/\/api.w.org\/{rel}","templated":true}]}}