{"id":4547,"date":"2022-06-24T10:21:01","date_gmt":"2022-06-24T08:21:01","guid":{"rendered":"https:\/\/dev.plasmaconcept.de\/?page_id=4547"},"modified":"2025-11-20T12:12:40","modified_gmt":"2025-11-20T11:12:40","slug":"coagulation","status":"publish","type":"page","link":"https:\/\/dev.plasmaconcept.de\/en\/coagulation\/","title":{"rendered":"Coagulation"},"content":{"rendered":"<section class=\"l-section wpb_row us_custom_6ddfe827 coagulation_slider height_auto width_full\"><div class=\"l-section-h i-cf\"><div class=\"g-cols vc_row via_grid cols_1 laptops-cols_inherit tablets-cols_inherit mobiles-cols_1 valign_top type_default stacking_default\"><div class=\"wpb_column vc_column_container\"><div class=\"vc_column-inner\"><div class=\"g-cols wpb_row arteficalslider via_grid cols_2 laptops-cols_inherit tablets-cols_inherit mobiles-cols_1 valign_top type_default reversed stacking_default\" style=\"--gap:0px;\"><div class=\"wpb_column vc_column_container us_custom_e613d78a leftbox has_bg_color\"><div class=\"vc_column-inner\"><div class=\"wpb_text_column us_custom_cd781b90 hide_mobile has_text_color\"><div class=\"wpb_wrapper\"><h1 class=\"slidertypo\">Coagulation Division<\/h1>\n<\/div><\/div><div class=\"wpb_text_column us_custom_6df4bc3a has_text_color\"><div class=\"wpb_wrapper\"><p>The origin and one of the core focuses of Plasmaconcept is the professional care of hemophilia patients with the clotting factors essential to their survival. With more than ten years of experience in the distribution and handling of factor substitutes, the company is far more than just a supplier\u2014Plasmaconcept is a specialist in this field. The company works closely with the most important treatment centers nationwide.<\/p>\n<\/div><\/div><\/div><\/div><div class=\"wpb_column vc_column_container us_custom_e032691c has_bg_color\"><div class=\"vc_column-inner\">[vc_raw_html]JTNDZGl2JTIwY2xhc3MlM0QlMjJkZXNrLXNwYWNlciUyMiUyMHN0eWxlJTNEJTIyaGVpZ2h0JTNBNTkwcHglM0IlMjIlM0UlM0MlMkZkaXYlM0UlMEElM0NkaXYlMjBjbGFzcyUzRCUyMm1vYmlsZS1zcGFjZXIlMjIlMjBzdHlsZSUzRCUyMmhlaWdodCUzQTBweCUzQiUyMiUzRSUzQyUyRmRpdiUzRQ==[\/vc_raw_html][vc_raw_html]JTNDZGl2JTIwc3R5bGUlM0QlMjJjbGVhciUzQWJvdGglM0IlMjIlM0UlM0MlMkZkaXYlM0U=[\/vc_raw_html]<\/div><\/div><\/div><\/div><\/div><\/div><\/div><\/section><section class=\"l-section wpb_row height_medium\"><div class=\"l-section-h i-cf\"><div class=\"g-cols vc_row via_grid cols_1 laptops-cols_inherit tablets-cols_inherit mobiles-cols_1 valign_top type_default stacking_default\"><div class=\"wpb_column vc_column_container\"><div class=\"vc_column-inner\"><div class=\"wpb_text_column\"><div class=\"wpb_wrapper\"><h2>The origin and one of the core focuses of Plasmaconcept is the professional care of hemophilia patients with the clotting factors essential for their survival.<\/h2>\n<\/div><\/div><div class=\"g-cols wpb_row smallerwidthcontent via_grid cols_1 laptops-cols_inherit tablets-cols_inherit mobiles-cols_1 valign_top type_default stacking_default\" style=\"--gap:2rem;\"><div class=\"wpb_column vc_column_container\"><div class=\"vc_column-inner\"><div class=\"wpb_text_column us_custom_b4c0c321\"><div class=\"wpb_wrapper\"><p>Plasmaconcept beliefert Praxen und Kliniken und entlastet die behandelnden \u00c4rzte gleichzeitig von Aufgaben, die nicht notwendigerweise von ihnen erbracht werden m\u00fcssen \u2013 Services, die den oft anstrengenden Alltag f\u00fcr \u00c4rzte erleichtert und ihnen mehr Zeit f\u00fcr die Behandlung und Betreuung ihrer Patienten lassen.<\/p>\n<\/div><\/div><div class=\"wpb_text_column\"><div class=\"wpb_wrapper\"><p>In Germany, there are around 10,000 people who suffer from hemophilia, the so-called bleeding disorder. Even small injuries can be dangerous for these individuals because they lack the clotting factors that normally stop bleeding after a short time. Hemophilia is a genetic disorder and therefore hereditary. However, there are also spontaneous mutations that are considered the cause of hemophilia in about one third of affected individuals. According to current medical knowledge, hemophilia cannot be cured, but it can be treated.<\/p>\n<p>Treatment is carried out with plasma-derived products, which can be obtained from plasma donations or produced through genetic engineering. Many different factors from blood plasma are involved in blood clotting. A healthy person produces these factors\u2014mostly protein compounds\u2014on their own. In people with hemophilia, protein synthesis is impaired. The majority of patients, around 80 percent, lack clotting factor VIII and therefore suffer from hemophilia A. Around 15 percent have hemophilia B, caused by a deficiency of clotting factor IX.<\/p>\n<p>There are additional clotting disorders involving factors I through XVI, though these are less common. However, the consequences of all such factor deficiencies are the same for those affected: Not only external injuries, but especially internal bleeding\u2014which occurs frequently and often goes unnoticed\u2014can lead to serious complications. For many patients, the clotting disorder is so severe that they must regularly receive preventive injections of the clotting factor to avoid significant risks in their daily lives.<\/p>\n<\/div><\/div><\/div><\/div><\/div><\/div><\/div><\/div><\/div><\/section>\n","protected":false},"excerpt":{"rendered":"Coagulation Division The origin and one of the core focuses of Plasmaconcept is the professional care of hemophilia patients with the clotting factors essential to their survival. With more than ten years of experience in the distribution and handling of factor substitutes, the company is far more than just a supplier\u2014Plasmaconcept is a specialist in...","protected":false},"author":1,"featured_media":0,"parent":0,"menu_order":0,"comment_status":"closed","ping_status":"closed","template":"","meta":{"_acf_changed":false,"_monsterinsights_skip_tracking":false,"_monsterinsights_sitenote_active":false,"_monsterinsights_sitenote_note":"","_monsterinsights_sitenote_category":0,"footnotes":""},"class_list":["post-4547","page","type-page","status-publish","hentry"],"acf":[],"yoast_head":"<!-- This site is optimized with the Yoast SEO plugin v26.4 - https:\/\/yoast.com\/wordpress\/plugins\/seo\/ -->\n<title>Coagulation - Plasmaconcept<\/title>\n<meta name=\"robots\" content=\"noindex, follow, max-snippet:-1, max-image-preview:large, max-video-preview:-1\" \/>\n<meta property=\"og:locale\" content=\"en_US\" \/>\n<meta property=\"og:type\" content=\"article\" \/>\n<meta property=\"og:title\" content=\"Coagulation - Plasmaconcept\" \/>\n<meta property=\"og:url\" content=\"https:\/\/dev.plasmaconcept.de\/en\/coagulation\/\" \/>\n<meta property=\"og:site_name\" content=\"Plasmaconcept\" \/>\n<meta property=\"article:modified_time\" content=\"2025-11-20T11:12:40+00:00\" \/>\n<meta name=\"twitter:card\" content=\"summary_large_image\" \/>\n<meta name=\"twitter:label1\" content=\"Est. reading time\" \/>\n\t<meta name=\"twitter:data1\" content=\"3 minutes\" \/>\n<script type=\"application\/ld+json\" class=\"yoast-schema-graph\">{\"@context\":\"https:\/\/schema.org\",\"@graph\":[{\"@type\":\"WebPage\",\"@id\":\"https:\/\/dev.plasmaconcept.de\/en\/coagulation\/\",\"url\":\"https:\/\/dev.plasmaconcept.de\/en\/coagulation\/\",\"name\":\"Coagulation - Plasmaconcept\",\"isPartOf\":{\"@id\":\"https:\/\/dev.plasmaconcept.de\/en\/#website\"},\"datePublished\":\"2022-06-24T08:21:01+00:00\",\"dateModified\":\"2025-11-20T11:12:40+00:00\",\"breadcrumb\":{\"@id\":\"https:\/\/dev.plasmaconcept.de\/en\/coagulation\/#breadcrumb\"},\"inLanguage\":\"en-US\",\"potentialAction\":[{\"@type\":\"ReadAction\",\"target\":[\"https:\/\/dev.plasmaconcept.de\/en\/coagulation\/\"]}]},{\"@type\":\"BreadcrumbList\",\"@id\":\"https:\/\/dev.plasmaconcept.de\/en\/coagulation\/#breadcrumb\",\"itemListElement\":[{\"@type\":\"ListItem\",\"position\":1,\"name\":\"Startseite\",\"item\":\"https:\/\/dev.plasmaconcept.de\/en\/\"},{\"@type\":\"ListItem\",\"position\":2,\"name\":\"Coagulation\"}]},{\"@type\":\"WebSite\",\"@id\":\"https:\/\/dev.plasmaconcept.de\/en\/#website\",\"url\":\"https:\/\/dev.plasmaconcept.de\/en\/\",\"name\":\"Plasmaconcept\",\"description\":\"Nah am Markt und nah am Menschen\",\"potentialAction\":[{\"@type\":\"SearchAction\",\"target\":{\"@type\":\"EntryPoint\",\"urlTemplate\":\"https:\/\/dev.plasmaconcept.de\/en\/?s={search_term_string}\"},\"query-input\":{\"@type\":\"PropertyValueSpecification\",\"valueRequired\":true,\"valueName\":\"search_term_string\"}}],\"inLanguage\":\"en-US\"}]}<\/script>\n<!-- \/ Yoast SEO plugin. -->","yoast_head_json":{"title":"Coagulation - Plasmaconcept","robots":{"index":"noindex","follow":"follow","max-snippet":"max-snippet:-1","max-image-preview":"max-image-preview:large","max-video-preview":"max-video-preview:-1"},"og_locale":"en_US","og_type":"article","og_title":"Coagulation - Plasmaconcept","og_url":"https:\/\/dev.plasmaconcept.de\/en\/coagulation\/","og_site_name":"Plasmaconcept","article_modified_time":"2025-11-20T11:12:40+00:00","twitter_card":"summary_large_image","twitter_misc":{"Est. reading time":"3 minutes"},"schema":{"@context":"https:\/\/schema.org","@graph":[{"@type":"WebPage","@id":"https:\/\/dev.plasmaconcept.de\/en\/coagulation\/","url":"https:\/\/dev.plasmaconcept.de\/en\/coagulation\/","name":"Coagulation - Plasmaconcept","isPartOf":{"@id":"https:\/\/dev.plasmaconcept.de\/en\/#website"},"datePublished":"2022-06-24T08:21:01+00:00","dateModified":"2025-11-20T11:12:40+00:00","breadcrumb":{"@id":"https:\/\/dev.plasmaconcept.de\/en\/coagulation\/#breadcrumb"},"inLanguage":"en-US","potentialAction":[{"@type":"ReadAction","target":["https:\/\/dev.plasmaconcept.de\/en\/coagulation\/"]}]},{"@type":"BreadcrumbList","@id":"https:\/\/dev.plasmaconcept.de\/en\/coagulation\/#breadcrumb","itemListElement":[{"@type":"ListItem","position":1,"name":"Startseite","item":"https:\/\/dev.plasmaconcept.de\/en\/"},{"@type":"ListItem","position":2,"name":"Coagulation"}]},{"@type":"WebSite","@id":"https:\/\/dev.plasmaconcept.de\/en\/#website","url":"https:\/\/dev.plasmaconcept.de\/en\/","name":"Plasmaconcept","description":"Nah am Markt und nah am Menschen","potentialAction":[{"@type":"SearchAction","target":{"@type":"EntryPoint","urlTemplate":"https:\/\/dev.plasmaconcept.de\/en\/?s={search_term_string}"},"query-input":{"@type":"PropertyValueSpecification","valueRequired":true,"valueName":"search_term_string"}}],"inLanguage":"en-US"}]}},"_links":{"self":[{"href":"https:\/\/dev.plasmaconcept.de\/en\/wp-json\/wp\/v2\/pages\/4547","targetHints":{"allow":["GET"]}}],"collection":[{"href":"https:\/\/dev.plasmaconcept.de\/en\/wp-json\/wp\/v2\/pages"}],"about":[{"href":"https:\/\/dev.plasmaconcept.de\/en\/wp-json\/wp\/v2\/types\/page"}],"author":[{"embeddable":true,"href":"https:\/\/dev.plasmaconcept.de\/en\/wp-json\/wp\/v2\/users\/1"}],"replies":[{"embeddable":true,"href":"https:\/\/dev.plasmaconcept.de\/en\/wp-json\/wp\/v2\/comments?post=4547"}],"version-history":[{"count":1,"href":"https:\/\/dev.plasmaconcept.de\/en\/wp-json\/wp\/v2\/pages\/4547\/revisions"}],"predecessor-version":[{"id":4548,"href":"https:\/\/dev.plasmaconcept.de\/en\/wp-json\/wp\/v2\/pages\/4547\/revisions\/4548"}],"wp:attachment":[{"href":"https:\/\/dev.plasmaconcept.de\/en\/wp-json\/wp\/v2\/media?parent=4547"}],"curies":[{"name":"wp","href":"https:\/\/api.w.org\/{rel}","templated":true}]}}