{"id":4444,"date":"2022-07-07T16:02:39","date_gmt":"2022-07-07T14:02:39","guid":{"rendered":"https:\/\/dev.plasmaconcept.de\/chondrectom\/"},"modified":"2025-11-20T14:45:10","modified_gmt":"2025-11-20T13:45:10","slug":"chondrectom","status":"publish","type":"page","link":"https:\/\/dev.plasmaconcept.de\/en\/chondrectom\/","title":{"rendered":"Chondrectom"},"content":{"rendered":"<section class=\"l-section wpb_row us_custom_328f2031 slider_unterseite height_auto width_full\"><div class=\"l-section-h i-cf\"><div class=\"g-cols vc_row via_grid cols_1 laptops-cols_inherit tablets-cols_inherit mobiles-cols_1 valign_top type_default stacking_default\"><div class=\"wpb_column vc_column_container\"><div class=\"vc_column-inner\"><div class=\"g-cols wpb_row arteficalslider via_grid cols_2 laptops-cols_inherit tablets-cols_inherit mobiles-cols_1 valign_top type_default reversed stacking_default\" style=\"--gap:0px;\"><div class=\"wpb_column vc_column_container us_custom_95304ca2 leftbox has_bg_color\"><div class=\"vc_column-inner\"><div class=\"wpb_text_column us_custom_cd781b90 hide_mobile has_text_color\" id=\"chon_text_slider\"><div class=\"wpb_wrapper\"><h1 class=\"slidertypo\">Specialized instruments for precise cartilage preparation<\/h1>\n<\/div><\/div><div class=\"wpb_text_column us_custom_6df4bc3a has_text_color\"><div class=\"wpb_wrapper\"><p>Cartilage preparation is an essential treatment step in the regeneration of damaged cartilage tissue. Accurate and complete d\u00e9bridement of defective cartilage directly influences the quality of the regenerated cartilage and is therefore a prerequisite for the formation of hyaline-like cartilage. For this reason, cartilage surgeons rely on high-quality instruments specifically designed for precise cartilage preparation.<\/p>\n<\/div><\/div><\/div><\/div><div class=\"wpb_column vc_column_container us_custom_e032691c rightbox has_bg_color\"><div class=\"vc_column-inner\"><div class=\"w-html\"><div class=\"desk-spacer\" style=\"height:500px;\"><\/div>\n<div class=\"mobile-spacer\" style=\"height:0px;\"><\/div><\/div><div class=\"w-html\"><div style=\"clear:both;\"><\/div><\/div><\/div><\/div><\/div><\/div><\/div><\/div><\/div><\/section><section class=\"l-section wpb_row schmallercontentprodukte24 height_medium\"><div class=\"l-section-h i-cf\"><div class=\"g-cols vc_row via_grid cols_1 laptops-cols_inherit tablets-cols_inherit mobiles-cols_1 valign_top type_default stacking_default\"><div class=\"wpb_column vc_column_container\"><div class=\"vc_column-inner\"><div class=\"wpb_text_column produkt_intro_text\"><div class=\"wpb_wrapper\"><h2>Cartilage preparation with Chondrectom\u2122<\/h2>\n<p>The Chondrectom\u2122 instrument set was developed by cartilage experts and tailored to the requirements of precise and efficient cartilage preparation. Its user-friendly application is valued by orthopaedic surgeons and trauma specialists worldwide.<\/p>\n<\/div><\/div><\/div><\/div><\/div><\/div><\/section><section class=\"l-section wpb_row us_custom_a4fbd29b breiterebloecke height_auto width_full\"><div class=\"l-section-h i-cf\"><div class=\"g-cols vc_row via_grid cols_3 laptops-cols_inherit tablets-cols_inherit mobiles-cols_1 valign_top type_default stacking_default\" style=\"--gap:20px;\"><div class=\"wpb_column vc_column_container highlightboxprodukt cblue\"><div class=\"vc_column-inner\"><div class=\"wpb_text_column produktehighlightbox\"><div class=\"wpb_wrapper\"><h4>Developed by cartilage experts<\/h4>\n<ul>\n<li>Specifically tailored to the requirements of precise cartilage preparation<\/li>\n<\/ul>\n<\/div><\/div><\/div><\/div><div class=\"wpb_column vc_column_container highlightboxprodukt corange\"><div class=\"vc_column-inner\"><div class=\"wpb_text_column produktehighlightbox\"><div class=\"wpb_wrapper\"><h4>Time-saving<\/h4>\n<ul>\n<li>Fast debridement for efficient surgical planning<\/li>\n<\/ul>\n<\/div><\/div><\/div><\/div><div class=\"wpb_column vc_column_container highlightboxprodukt cgray\"><div class=\"vc_column-inner\"><div class=\"wpb_text_column produktehighlightbox\"><div class=\"wpb_wrapper\"><h4>User-friendly application<\/h4>\n<ul>\n<li>For precise cartilage preparation from all sides and angles<\/li>\n<\/ul>\n<\/div><\/div><\/div><\/div><\/div><\/div><\/section><section class=\"l-section wpb_row schmallercontentprodukte24 height_medium\"><div class=\"l-section-h i-cf\"><div class=\"g-cols vc_row via_grid cols_1 laptops-cols_inherit tablets-cols_inherit mobiles-cols_1 valign_top type_default stacking_default\"><div class=\"wpb_column vc_column_container\"><div class=\"vc_column-inner\"><div class=\"w-tabs layout_hor style_trendy switch_click\" style=\"--sections-title-size:1em\"><div class=\"w-tabs-list items_3 align_none\"><div class=\"w-tabs-list-h\"><button class=\"w-tabs-item active\" aria-controls=\"content-kee9\" aria-expanded=\"false\"><span class=\"w-tabs-item-title\">Cartilage preparation<\/span><\/button><button class=\"w-tabs-item\" aria-controls=\"content-o329\" aria-expanded=\"false\"><span class=\"w-tabs-item-title\">Curettes<\/span><\/button><button class=\"w-tabs-item\" aria-controls=\"content-pbe8\" aria-expanded=\"false\"><span class=\"w-tabs-item-title\">Short and compact<\/span><\/button><\/div><\/div><div class=\"w-tabs-sections titles-align_none icon_chevron cpos_right\"><div class=\"w-tabs-section active\" id=\"kee9\"><button class=\"w-tabs-section-header active\" aria-controls=\"content-kee9\" aria-expanded=\"true\"><div class=\"w-tabs-section-title\">Cartilage preparation<\/div><div class=\"w-tabs-section-control\"><\/div><\/button><div  class=\"w-tabs-section-content\" id=\"content-kee9\"><div class=\"w-tabs-section-content-h i-cf\"><div class=\"wpb_text_column\"><div class=\"wpb_wrapper\"><h3>Cartilage preparation with Chondrectom\u2122<\/h3>\n<\/div><\/div><div class=\"g-cols wpb_row via_grid cols_1 laptops-cols_inherit tablets-cols_inherit mobiles-cols_1 valign_top type_default stacking_default\" style=\"--gap:3rem;\"><div class=\"wpb_column vc_column_container\"><div class=\"vc_column-inner\"><div class=\"wpb_text_column\"><div class=\"wpb_wrapper\"><p>The Cartilage preparation is an essential treatment step for regenerating defective cartilage tissue. Accurate and complete debridement of damaged cartilage directly influences the quality of the regenerated tissue and is therefore a prerequisite for forming hyaline-like cartilage. For this reason, cartilage surgeons rely on high-quality instruments specifically designed for precise cartilage preparation.<\/p>\n<p>The Chondrectom\u2122 instrument set was developed by cartilage specialists and tailored to the requirements of precise and efficient cartilage preparation. Its user-friendly handling is valued by orthopedic and trauma surgeons worldwide.<br \/>After debridement, any type of cartilage-regenerative procedure can be performed, such as matrix-augmented bone marrow stimulation with NanoFx\u00ae and Hyalofast\u00ae<\/p>\n<\/div><\/div><\/div><\/div><\/div><\/div><\/div><\/div><div class=\"w-tabs-section\" id=\"o329\"><button class=\"w-tabs-section-header\" aria-controls=\"content-o329\" aria-expanded=\"false\"><div class=\"w-tabs-section-title\">Curettes<\/div><div class=\"w-tabs-section-control\"><\/div><\/button><div  class=\"w-tabs-section-content\" id=\"content-o329\"><div class=\"w-tabs-section-content-h i-cf\"><div class=\"wpb_text_column\"><div class=\"wpb_wrapper\"><h3>An overview of the Chondrectom\u2122 curettes<\/h3>\n<\/div><\/div><div class=\"g-cols wpb_row via_grid cols_2 laptops-cols_inherit tablets-cols_inherit mobiles-cols_1 valign_top type_default stacking_default\" style=\"--gap:3rem;\"><div class=\"wpb_column vc_column_container\"><div class=\"vc_column-inner\"><div class=\"w-image us_custom_a833bf3c image_border_content align_none\"><div class=\"w-image-h\"><img decoding=\"async\" width=\"866\" height=\"456\" src=\"https:\/\/dev.plasmaconcept.de\/wp-content\/uploads\/2024\/07\/chondrectom_content_image1.png\" class=\"attachment-full size-full\" alt=\"\" loading=\"lazy\" srcset=\"https:\/\/dev.plasmaconcept.de\/wp-content\/uploads\/2024\/07\/chondrectom_content_image1.png 866w, https:\/\/dev.plasmaconcept.de\/wp-content\/uploads\/2024\/07\/chondrectom_content_image1-300x158.png 300w\" sizes=\"auto, (max-width: 866px) 100vw, 866px\" \/><\/div><\/div><div class=\"wpb_text_column\"><div class=\"wpb_wrapper\"><p class=\"bildunterschrift\">Fig. 1: Front Chondrectom<\/p>\n<\/div><\/div><\/div><\/div><div class=\"wpb_column vc_column_container\"><div class=\"vc_column-inner\"><div class=\"w-image us_custom_a833bf3c image_border_content align_none\"><div class=\"w-image-h\"><img decoding=\"async\" width=\"866\" height=\"456\" src=\"https:\/\/dev.plasmaconcept.de\/wp-content\/uploads\/2024\/07\/chondrectom_content_image2.png\" class=\"attachment-full size-full\" alt=\"\" loading=\"lazy\" srcset=\"https:\/\/dev.plasmaconcept.de\/wp-content\/uploads\/2024\/07\/chondrectom_content_image2.png 866w, https:\/\/dev.plasmaconcept.de\/wp-content\/uploads\/2024\/07\/chondrectom_content_image2-300x158.png 300w\" sizes=\"auto, (max-width: 866px) 100vw, 866px\" \/><\/div><\/div><div class=\"wpb_text_column\"><div class=\"wpb_wrapper\"><p class=\"bildunterschrift\">Fig. 2: Right Sideward Chondrectom<\/p>\n<\/div><\/div><\/div><\/div><\/div><div class=\"g-cols wpb_row via_grid cols_2 laptops-cols_inherit tablets-cols_inherit mobiles-cols_1 valign_top type_default stacking_default\" style=\"--gap:3rem;\"><div class=\"wpb_column vc_column_container\"><div class=\"vc_column-inner\"><div class=\"w-image us_custom_a833bf3c image_border_content align_none\"><div class=\"w-image-h\"><img decoding=\"async\" width=\"866\" height=\"456\" src=\"https:\/\/dev.plasmaconcept.de\/wp-content\/uploads\/2024\/07\/chondrectom_content_image3.png\" class=\"attachment-full size-full\" alt=\"\" loading=\"lazy\" srcset=\"https:\/\/dev.plasmaconcept.de\/wp-content\/uploads\/2024\/07\/chondrectom_content_image3.png 866w, https:\/\/dev.plasmaconcept.de\/wp-content\/uploads\/2024\/07\/chondrectom_content_image3-300x158.png 300w\" sizes=\"auto, (max-width: 866px) 100vw, 866px\" \/><\/div><\/div><div class=\"wpb_text_column\"><div class=\"wpb_wrapper\"><p class=\"bildunterschrift\">Fig. 3: Left Sideward Chondrectom<\/p>\n<\/div><\/div><\/div><\/div><div class=\"wpb_column vc_column_container\"><div class=\"vc_column-inner\"><div class=\"w-image us_custom_a833bf3c image_border_content align_none\"><div class=\"w-image-h\"><img decoding=\"async\" width=\"866\" height=\"456\" src=\"https:\/\/dev.plasmaconcept.de\/wp-content\/uploads\/2024\/07\/chondrectom_content_image4.png\" class=\"attachment-full size-full\" alt=\"\" loading=\"lazy\" srcset=\"https:\/\/dev.plasmaconcept.de\/wp-content\/uploads\/2024\/07\/chondrectom_content_image4.png 866w, https:\/\/dev.plasmaconcept.de\/wp-content\/uploads\/2024\/07\/chondrectom_content_image4-300x158.png 300w\" sizes=\"auto, (max-width: 866px) 100vw, 866px\" \/><\/div><\/div><div class=\"wpb_text_column\"><div class=\"wpb_wrapper\"><p class=\"bildunterschrift\">Fig. 4: Parallel Chondrectom<\/p>\n<\/div><\/div><\/div><\/div><\/div><div class=\"w-separator us_custom_fab4abd9 size_medium with_line width_default thick_1 style_solid color_border align_center\"><div class=\"w-separator-h\"><\/div><\/div><div class=\"g-cols wpb_row via_grid cols_2 laptops-cols_inherit tablets-cols_inherit mobiles-cols_1 valign_top type_default stacking_default\" style=\"--gap:3rem;\"><div class=\"wpb_column vc_column_container\"><div class=\"vc_column-inner\"><div class=\"w-image us_custom_a833bf3c image_border_content align_none\"><div class=\"w-image-h\"><img decoding=\"async\" width=\"476\" height=\"280\" src=\"https:\/\/dev.plasmaconcept.de\/wp-content\/uploads\/2024\/07\/chondrectom_content_image6.png\" class=\"attachment-full size-full\" alt=\"\" loading=\"lazy\" srcset=\"https:\/\/dev.plasmaconcept.de\/wp-content\/uploads\/2024\/07\/chondrectom_content_image6.png 476w, https:\/\/dev.plasmaconcept.de\/wp-content\/uploads\/2024\/07\/chondrectom_content_image6-300x176.png 300w\" sizes=\"auto, (max-width: 476px) 100vw, 476px\" \/><\/div><\/div><div class=\"wpb_text_column\"><div class=\"wpb_wrapper\"><p>Extended Set: 4 Chondrectom\u2122 Curettes<br \/>\nGuide groove for implants (2 sizes)<br \/>\nElevatorium<br \/>\nImplant insertion instrument<br \/>\nSpongiosa insertion instrument<br \/>\nChondral pick<br \/>\nRetractor plate for improved visibility during dry arthroscopy<\/p>\n<\/div><\/div><\/div><\/div><div class=\"wpb_column vc_column_container\"><div class=\"vc_column-inner\"><div class=\"w-image us_custom_a833bf3c image_border_content align_none\"><div class=\"w-image-h\"><img decoding=\"async\" width=\"476\" height=\"241\" src=\"https:\/\/dev.plasmaconcept.de\/wp-content\/uploads\/2024\/07\/chondrectom_content_image5.png\" class=\"attachment-full size-full\" alt=\"\" loading=\"lazy\" srcset=\"https:\/\/dev.plasmaconcept.de\/wp-content\/uploads\/2024\/07\/chondrectom_content_image5.png 476w, https:\/\/dev.plasmaconcept.de\/wp-content\/uploads\/2024\/07\/chondrectom_content_image5-300x152.png 300w\" sizes=\"auto, (max-width: 476px) 100vw, 476px\" \/><\/div><\/div><div class=\"wpb_text_column\"><div class=\"wpb_wrapper\"><p>Basic Set: 4 Chondrectom\u2122 Curettes<\/p>\n<\/div><\/div><\/div><\/div><\/div><\/div><\/div><\/div><div class=\"w-tabs-section\" id=\"pbe8\"><button class=\"w-tabs-section-header\" aria-controls=\"content-pbe8\" aria-expanded=\"false\"><div class=\"w-tabs-section-title\">Short and compact<\/div><div class=\"w-tabs-section-control\"><\/div><\/button><div  class=\"w-tabs-section-content\" id=\"content-pbe8\"><div class=\"w-tabs-section-content-h i-cf\"><div class=\"g-cols wpb_row us_custom_f79f129a via_grid cols_2 laptops-cols_inherit tablets-cols_inherit mobiles-cols_1 valign_top type_default stacking_default\" style=\"--gap:3rem;\"><div class=\"wpb_column vc_column_container us_custom_4de32527\"><div class=\"vc_column-inner\"><div class=\"wpb_text_column\"><div class=\"wpb_wrapper\"><p><strong>Product:<\/strong> Chondrectom\u2122 \u2013 Specialized instruments for cartilage preparation<br \/>\n<strong>Items:<\/strong> Basic Set (large or small joints), Extended Set (large or small joints)<br \/>\n<strong>Approval:<\/strong> Medical device with CE marking<br \/>\n<strong>Sterilization:<\/strong> Non-sterile in the sterilization tray<br \/>\n<strong>Storage:<\/strong> Store in a dry place<\/p>\n<\/div><\/div><\/div><\/div><div class=\"wpb_column vc_column_container\"><div class=\"vc_column-inner\"><\/div><\/div><\/div><\/div><\/div><\/div><\/div><\/div><div class=\"w-separator size_medium with_line width_default thick_1 style_solid color_border align_center\"><div class=\"w-separator-h\"><\/div><\/div><div class=\"wpb_text_column us_custom_15f9d3f2\"><div class=\"wpb_wrapper\"><h2>Why is precise cartilage preparation important for cartilage regeneration?<\/h2>\n<\/div><\/div><div class=\"g-cols wpb_row via_grid cols_1 laptops-cols_inherit tablets-cols_inherit mobiles-cols_1 valign_top type_default stacking_default\" style=\"--gap:3rem;\"><div class=\"wpb_column vc_column_container\"><div class=\"vc_column-inner\"><div class=\"wpb_text_column\"><div class=\"wpb_wrapper\"><p>The goal of d\u00e9bridement is to create the optimal conditions for high-quality cartilage formation. To achieve this, all damaged cartilage areas must be completely removed, and vertical cartilage walls must be generated. In addition, the calcified layer must be fully removed without damaging the subchondral bone.<sup>1<\/sup> The cartilage margins must be prepared so that they are aligned at a right angle to the subchondral bone (see illustration).<sup>2<\/sup><\/p>\n<p>High-quality, hyaline-like cartilage can only form in defects that are thoroughly and accurately prepared. Studies have shown that precise cartilage preparation can positively influence the clinical outcomes of cell-based regeneration techniques, such as matrix-augmented bone marrow stimulation and isolated bone marrow stimulation.<sup>3<\/sup><\/p>\n<\/div><\/div><\/div><\/div><\/div><div class=\"g-cols wpb_row via_grid cols_2 laptops-cols_inherit tablets-cols_inherit mobiles-cols_1 valign_top type_default stacking_default\" style=\"--gap:3rem;\"><div class=\"wpb_column vc_column_container\"><div class=\"vc_column-inner\"><div class=\"w-image us_custom_0f8f44b7 align_none\"><div class=\"w-image-h\"><img decoding=\"async\" width=\"450\" height=\"318\" src=\"https:\/\/dev.plasmaconcept.de\/wp-content\/uploads\/2024\/07\/chondrectom_content_image7-v2.jpg\" class=\"attachment-large size-large\" alt=\"\" loading=\"lazy\" srcset=\"https:\/\/dev.plasmaconcept.de\/wp-content\/uploads\/2024\/07\/chondrectom_content_image7-v2.jpg 450w, https:\/\/dev.plasmaconcept.de\/wp-content\/uploads\/2024\/07\/chondrectom_content_image7-v2-300x212.jpg 300w\" sizes=\"auto, (max-width: 450px) 100vw, 450px\" \/><\/div><\/div><\/div><\/div><div class=\"wpb_column vc_column_container\"><div class=\"vc_column-inner\"><div class=\"wpb_text_column us_custom_d2199d32\"><div class=\"wpb_wrapper\"><p class=\"bildunterschrift\">Figure: Cartilage preparation of differing quality. Top: Accurate cartilage preparation with vertical, right-angled cartilage edges and intact subchondral bone. Bottom: Low-quality cartilage preparation with irregular cartilage edges and damaged subchondral bone. (Figure adapted from Puszkarz M. et al. 2015)<\/p>\n<\/div><\/div><div class=\"wpb_text_column\"><div class=\"wpb_wrapper\"><p class=\"bildunterschrift\">Literature <sup>1.<\/sup> Frisbie D. et al. Effects of calcified cartilage on healing of chondral defects treated with microfracture in horses. Am J Sports Med 2006; 34(11): 1824\u201331. <sup>2.<\/sup> Blasiak A. et al. Morphologic Properties of Cartilage Lesions in the Knee Arthroscopically Prepared by the Standard Curette Technique Are Inferior to Lesions Prepared by Specialized Chondrectomy Instruments. Am J Sports Med 2018; 46(4): 908\u2013914. <sup>3.<\/sup> Puszkarz M. et al. Chondrectomy \u2013 Review of Surgical Instrumentation and its Effectiveness. Medsportpress, 2015; 4(6); Vol. 17, 333\u2013342.<\/p>\n<\/div><\/div><\/div><\/div><\/div><\/div><\/div><\/div><\/div><\/section>\n","protected":false},"excerpt":{"rendered":"Specialized instruments for precise cartilage preparation Cartilage preparation is an essential treatment step in the regeneration of damaged cartilage tissue. Accurate and complete d\u00e9bridement of defective cartilage directly influences the quality of the regenerated cartilage and is therefore a prerequisite for the formation of hyaline-like cartilage. For this reason, cartilage surgeons rely on high-quality instruments...","protected":false},"author":1,"featured_media":0,"parent":0,"menu_order":0,"comment_status":"closed","ping_status":"closed","template":"","meta":{"_acf_changed":false,"_monsterinsights_skip_tracking":false,"_monsterinsights_sitenote_active":false,"_monsterinsights_sitenote_note":"","_monsterinsights_sitenote_category":0,"footnotes":""},"class_list":["post-4444","page","type-page","status-publish","hentry"],"acf":[],"yoast_head":"<!-- This site is optimized with the Yoast SEO plugin v26.4 - https:\/\/yoast.com\/wordpress\/plugins\/seo\/ -->\n<title>Plasmaconcept - Chondrectom: Pr\u00e4zise Knorpelpr\u00e4paration<\/title>\n<meta name=\"description\" content=\"Die Knorpelpr\u00e4paration stellt einen f\u00fcr die Regeneration von defektem Knorpelgewebe essenziellen Behandlungsschritt dar.\" \/>\n<meta name=\"robots\" content=\"noindex, follow, max-snippet:-1, max-image-preview:large, max-video-preview:-1\" \/>\n<meta property=\"og:locale\" content=\"en_US\" \/>\n<meta property=\"og:type\" content=\"article\" \/>\n<meta property=\"og:title\" content=\"Plasmaconcept - Chondrectom: Pr\u00e4zise Knorpelpr\u00e4paration\" \/>\n<meta property=\"og:description\" content=\"Die Knorpelpr\u00e4paration stellt einen f\u00fcr die Regeneration von defektem Knorpelgewebe essenziellen Behandlungsschritt dar.\" \/>\n<meta property=\"og:url\" content=\"https:\/\/dev.plasmaconcept.de\/en\/chondrectom\/\" \/>\n<meta property=\"og:site_name\" content=\"Plasmaconcept\" \/>\n<meta property=\"article:modified_time\" content=\"2025-11-20T13:45:10+00:00\" \/>\n<meta name=\"twitter:card\" content=\"summary_large_image\" \/>\n<meta name=\"twitter:label1\" content=\"Est. reading time\" \/>\n\t<meta name=\"twitter:data1\" content=\"4 minutes\" \/>\n<script type=\"application\/ld+json\" class=\"yoast-schema-graph\">{\"@context\":\"https:\/\/schema.org\",\"@graph\":[{\"@type\":\"WebPage\",\"@id\":\"https:\/\/dev.plasmaconcept.de\/en\/chondrectom\/\",\"url\":\"https:\/\/dev.plasmaconcept.de\/en\/chondrectom\/\",\"name\":\"Plasmaconcept - Chondrectom: Pr\u00e4zise Knorpelpr\u00e4paration\",\"isPartOf\":{\"@id\":\"https:\/\/dev.plasmaconcept.de\/en\/#website\"},\"datePublished\":\"2022-07-07T14:02:39+00:00\",\"dateModified\":\"2025-11-20T13:45:10+00:00\",\"description\":\"Die Knorpelpr\u00e4paration stellt einen f\u00fcr die Regeneration von defektem Knorpelgewebe essenziellen Behandlungsschritt dar.\",\"breadcrumb\":{\"@id\":\"https:\/\/dev.plasmaconcept.de\/en\/chondrectom\/#breadcrumb\"},\"inLanguage\":\"en-US\",\"potentialAction\":[{\"@type\":\"ReadAction\",\"target\":[\"https:\/\/dev.plasmaconcept.de\/en\/chondrectom\/\"]}]},{\"@type\":\"BreadcrumbList\",\"@id\":\"https:\/\/dev.plasmaconcept.de\/en\/chondrectom\/#breadcrumb\",\"itemListElement\":[{\"@type\":\"ListItem\",\"position\":1,\"name\":\"Startseite\",\"item\":\"https:\/\/dev.plasmaconcept.de\/en\/\"},{\"@type\":\"ListItem\",\"position\":2,\"name\":\"Chondrectom\"}]},{\"@type\":\"WebSite\",\"@id\":\"https:\/\/dev.plasmaconcept.de\/en\/#website\",\"url\":\"https:\/\/dev.plasmaconcept.de\/en\/\",\"name\":\"Plasmaconcept\",\"description\":\"Nah am Markt und nah am Menschen\",\"potentialAction\":[{\"@type\":\"SearchAction\",\"target\":{\"@type\":\"EntryPoint\",\"urlTemplate\":\"https:\/\/dev.plasmaconcept.de\/en\/?s={search_term_string}\"},\"query-input\":{\"@type\":\"PropertyValueSpecification\",\"valueRequired\":true,\"valueName\":\"search_term_string\"}}],\"inLanguage\":\"en-US\"}]}<\/script>\n<!-- \/ Yoast SEO plugin. -->","yoast_head_json":{"title":"Plasmaconcept - Chondrectom: Pr\u00e4zise Knorpelpr\u00e4paration","description":"Die Knorpelpr\u00e4paration stellt einen f\u00fcr die Regeneration von defektem Knorpelgewebe essenziellen Behandlungsschritt dar.","robots":{"index":"noindex","follow":"follow","max-snippet":"max-snippet:-1","max-image-preview":"max-image-preview:large","max-video-preview":"max-video-preview:-1"},"og_locale":"en_US","og_type":"article","og_title":"Plasmaconcept - Chondrectom: Pr\u00e4zise Knorpelpr\u00e4paration","og_description":"Die Knorpelpr\u00e4paration stellt einen f\u00fcr die Regeneration von defektem Knorpelgewebe essenziellen Behandlungsschritt dar.","og_url":"https:\/\/dev.plasmaconcept.de\/en\/chondrectom\/","og_site_name":"Plasmaconcept","article_modified_time":"2025-11-20T13:45:10+00:00","twitter_card":"summary_large_image","twitter_misc":{"Est. reading time":"4 minutes"},"schema":{"@context":"https:\/\/schema.org","@graph":[{"@type":"WebPage","@id":"https:\/\/dev.plasmaconcept.de\/en\/chondrectom\/","url":"https:\/\/dev.plasmaconcept.de\/en\/chondrectom\/","name":"Plasmaconcept - Chondrectom: Pr\u00e4zise Knorpelpr\u00e4paration","isPartOf":{"@id":"https:\/\/dev.plasmaconcept.de\/en\/#website"},"datePublished":"2022-07-07T14:02:39+00:00","dateModified":"2025-11-20T13:45:10+00:00","description":"Die Knorpelpr\u00e4paration stellt einen f\u00fcr die Regeneration von defektem Knorpelgewebe essenziellen Behandlungsschritt dar.","breadcrumb":{"@id":"https:\/\/dev.plasmaconcept.de\/en\/chondrectom\/#breadcrumb"},"inLanguage":"en-US","potentialAction":[{"@type":"ReadAction","target":["https:\/\/dev.plasmaconcept.de\/en\/chondrectom\/"]}]},{"@type":"BreadcrumbList","@id":"https:\/\/dev.plasmaconcept.de\/en\/chondrectom\/#breadcrumb","itemListElement":[{"@type":"ListItem","position":1,"name":"Startseite","item":"https:\/\/dev.plasmaconcept.de\/en\/"},{"@type":"ListItem","position":2,"name":"Chondrectom"}]},{"@type":"WebSite","@id":"https:\/\/dev.plasmaconcept.de\/en\/#website","url":"https:\/\/dev.plasmaconcept.de\/en\/","name":"Plasmaconcept","description":"Nah am Markt und nah am Menschen","potentialAction":[{"@type":"SearchAction","target":{"@type":"EntryPoint","urlTemplate":"https:\/\/dev.plasmaconcept.de\/en\/?s={search_term_string}"},"query-input":{"@type":"PropertyValueSpecification","valueRequired":true,"valueName":"search_term_string"}}],"inLanguage":"en-US"}]}},"_links":{"self":[{"href":"https:\/\/dev.plasmaconcept.de\/en\/wp-json\/wp\/v2\/pages\/4444","targetHints":{"allow":["GET"]}}],"collection":[{"href":"https:\/\/dev.plasmaconcept.de\/en\/wp-json\/wp\/v2\/pages"}],"about":[{"href":"https:\/\/dev.plasmaconcept.de\/en\/wp-json\/wp\/v2\/types\/page"}],"author":[{"embeddable":true,"href":"https:\/\/dev.plasmaconcept.de\/en\/wp-json\/wp\/v2\/users\/1"}],"replies":[{"embeddable":true,"href":"https:\/\/dev.plasmaconcept.de\/en\/wp-json\/wp\/v2\/comments?post=4444"}],"version-history":[{"count":5,"href":"https:\/\/dev.plasmaconcept.de\/en\/wp-json\/wp\/v2\/pages\/4444\/revisions"}],"predecessor-version":[{"id":4446,"href":"https:\/\/dev.plasmaconcept.de\/en\/wp-json\/wp\/v2\/pages\/4444\/revisions\/4446"}],"wp:attachment":[{"href":"https:\/\/dev.plasmaconcept.de\/en\/wp-json\/wp\/v2\/media?parent=4444"}],"curies":[{"name":"wp","href":"https:\/\/api.w.org\/{rel}","templated":true}]}}